{"id":326,"date":"2024-07-26T19:44:00","date_gmt":"2024-07-26T17:44:00","guid":{"rendered":"https:\/\/www.rettet-lina.de\/?page_id=326"},"modified":"2024-07-26T22:00:08","modified_gmt":"2024-07-26T20:00:08","slug":"wie-alles-begann","status":"publish","type":"page","link":"https:\/\/www.rettet-lina.de\/index.php\/wie-alles-begann\/","title":{"rendered":"Wie alles begann"},"content":{"rendered":"<div class=\"wpb-content-wrapper\">[vc_row][vc_column width=&#8221;1\/6&#8243;][\/vc_column][vc_column width=&#8221;2\/3&#8243;][vc_custom_heading text=&#8221;Wie alles begann&#8221; font_container=&#8221;tag:h3|text_align:left&#8221; google_fonts=&#8221;font_family:Lato%3A100%2C100italic%2C300%2C300italic%2Cregular%2Citalic%2C700%2C700italic%2C900%2C900italic|font_style:400%20regular%3A400%3Anormal&#8221; css=&#8221;&#8221;][vc_column_text css=&#8221;&#8221;]<a href=\"https:\/\/www.rettet-lina.de\/wp-content\/uploads\/2024\/07\/20180501_142642-e1526216778575-scaled.webp\"><img decoding=\"async\" class=\"alignleft wp-image-331\" src=\"https:\/\/www.rettet-lina.de\/wp-content\/uploads\/2024\/07\/20180501_142642-e1526216778575-scaled.webp\" alt=\"\" width=\"300\" height=\"400\" srcset=\"https:\/\/www.rettet-lina.de\/wp-content\/uploads\/2024\/07\/20180501_142642-e1526216778575-200x267.webp 200w, https:\/\/www.rettet-lina.de\/wp-content\/uploads\/2024\/07\/20180501_142642-e1526216778575-225x300.webp 225w, https:\/\/www.rettet-lina.de\/wp-content\/uploads\/2024\/07\/20180501_142642-e1526216778575-400x533.webp 400w, https:\/\/www.rettet-lina.de\/wp-content\/uploads\/2024\/07\/20180501_142642-e1526216778575-600x800.webp 600w, https:\/\/www.rettet-lina.de\/wp-content\/uploads\/2024\/07\/20180501_142642-e1526216778575-768x1024.webp 768w, https:\/\/www.rettet-lina.de\/wp-content\/uploads\/2024\/07\/20180501_142642-e1526216778575-773x1030.webp 773w, https:\/\/www.rettet-lina.de\/wp-content\/uploads\/2024\/07\/20180501_142642-e1526216778575-800x1067.webp 800w, https:\/\/www.rettet-lina.de\/wp-content\/uploads\/2024\/07\/20180501_142642-e1526216778575-1152x1536.webp 1152w, https:\/\/www.rettet-lina.de\/wp-content\/uploads\/2024\/07\/20180501_142642-e1526216778575-1200x1600.webp 1200w, https:\/\/www.rettet-lina.de\/wp-content\/uploads\/2024\/07\/20180501_142642-e1526216778575-1536x2048.webp 1536w, https:\/\/www.rettet-lina.de\/wp-content\/uploads\/2024\/07\/20180501_142642-e1526216778575-scaled.webp 1920w\" sizes=\"(max-width: 300px) 100vw, 300px\" \/><\/a>Im Februar 2018 ereilte uns ein Hilferuf unserer Freundin Julia Oelschl\u00e4ger, der zweiten Vorsitzenden des Vereins <a href=\"http:\/\/www.kisruhr.de\" target=\"_blank\" rel=\"noopener noreferrer\">KIS Ruhr e.V.<\/a><\/p>\n<p>Julia fragte uns ob wir f\u00fcr einen in Not geratenen Hund die Pflegestelle \u00fcbernehmen k\u00f6nnten, da dieser \u201eNotfall\u201c kurzfristig untergebracht werden m\u00fcsse.<\/p>\n<p>Ohne zu z\u00f6gern boten wir unsere Hilfe an ohne zu wissen auf was wir uns da eigentlich einlassen.<br \/>\nDenn erst bei Linas \u00fcbergabe an den Verein auf dem Parkplatz des Tierarztes stellte sich heraus wie schlimm es um Lina steht.<\/p>\n<p>Um die Kosten f\u00fcr diese OP tragen zu k\u00f6nnen haben wir ohne zu z\u00f6gern in vielen Tag- und Nachtstunden einen Spendennaufruf ins Leben gerufen. Wir druckten Handzettel, bauten diese Hompage, richteten einen Account bei Facebook ein und ver\u00f6ffentlichten diesen Spendenaufruf auch auf der Crowdfunding-Seite Leetchi.[\/vc_column_text][vc_custom_heading text=&#8221;Spendenaktion&#8221; font_container=&#8221;tag:h3|text_align:left&#8221; google_fonts=&#8221;font_family:Lato%3A100%2C100italic%2C300%2C300italic%2Cregular%2Citalic%2C700%2C700italic%2C900%2C900italic|font_style:400%20regular%3A400%3Anormal&#8221; css=&#8221;&#8221;][vc_column_text css=&#8221;&#8221;]<a href=\"https:\/\/www.rettet-lina.de\/wp-content\/uploads\/2024\/07\/Spardose.webp\"><img decoding=\"async\" class=\"alignleft wp-image-333 size-medium\" src=\"https:\/\/www.rettet-lina.de\/wp-content\/uploads\/2024\/07\/Spardose-300x261.webp\" alt=\"\" width=\"300\" height=\"261\" srcset=\"https:\/\/www.rettet-lina.de\/wp-content\/uploads\/2024\/07\/Spardose-200x174.webp 200w, https:\/\/www.rettet-lina.de\/wp-content\/uploads\/2024\/07\/Spardose-300x261.webp 300w, https:\/\/www.rettet-lina.de\/wp-content\/uploads\/2024\/07\/Spardose-400x348.webp 400w, https:\/\/www.rettet-lina.de\/wp-content\/uploads\/2024\/07\/Spardose-600x522.webp 600w, https:\/\/www.rettet-lina.de\/wp-content\/uploads\/2024\/07\/Spardose-768x668.webp 768w, https:\/\/www.rettet-lina.de\/wp-content\/uploads\/2024\/07\/Spardose.webp 800w\" sizes=\"(max-width: 300px) 100vw, 300px\" \/><\/a>Bereits nach kurzer Zeit trafen die ersten Spenden ein und innerhalb weniger Wochen hatten wir unser Spendenziel erreicht.<\/p>\n<p>Wir waren \u00fcbergl\u00fccklich dass wir Lina die dringend ben\u00f6tigte H\u00fcft OP finanzieren konnten.<\/p>\n<p>Ohne die Hilfe der vielen Spender w\u00e4re diese OP nicht m\u00f6glich gewesen und wir m\u00f6chten uns im Namen von Lina nochmals bei allen Spendern recht herzlich bedanken.<\/p>\n<p><strong>Ihr habt Lina ein schmerzfreies Leben erm\u00f6glicht.<\/strong>[\/vc_column_text][vc_custom_heading text=&#8221;Spendenliste&#8221; font_container=&#8221;tag:h3|text_align:left&#8221; google_fonts=&#8221;font_family:Lato%3A100%2C100italic%2C300%2C300italic%2Cregular%2Citalic%2C700%2C700italic%2C900%2C900italic|font_style:400%20regular%3A400%3Anormal&#8221; css=&#8221;&#8221;][vc_column_text css=&#8221;&#8221;]<div id=\"footable_parent_339\"\n         class=\" footable_parent ninja_table_wrapper loading_ninja_table wp_table_data_press_parent semantic_ui \">\n                <table data-ninja_table_instance=\"ninja_table_instance_0\" data-footable_id=\"339\" data-filter-delay=\"1000\" aria-label=\"Spendenliste\"            id=\"footable_339\"\n           data-unique_identifier=\"ninja_table_unique_id_3309135861_339\"\n           class=\" foo-table ninja_footable foo_table_339 ninja_table_unique_id_3309135861_339 ui table  nt_type_ajax_table selectable striped vertical_centered  footable-paging-right\">\n                <colgroup>\n                            <col class=\"ninja_column_0 \">\n                            <col class=\"ninja_column_1 \">\n                            <col class=\"ninja_column_2 \">\n                            <col class=\"ninja_column_3 \">\n                    <\/colgroup>\n            <\/table>\n    \n    \n    \n<\/div>\n[\/vc_column_text][vc_custom_heading text=&#8221;Gesamtsumme aller Spenden: 8.597,00 \u20ac&#8221; font_container=&#8221;tag:h2|text_align:center&#8221; google_fonts=&#8221;font_family:Lato%3A100%2C100italic%2C300%2C300italic%2Cregular%2Citalic%2C700%2C700italic%2C900%2C900italic|font_style:400%20regular%3A400%3Anormal&#8221; css=&#8221;&#8221;][vc_column_text css=&#8221;&#8221;]<a href=\"https:\/\/www.rettet-lina.de\/wp-content\/uploads\/2024\/07\/danke_0010.gif\"><img decoding=\"async\" class=\"alignleft wp-image-342 size-full\" src=\"https:\/\/www.rettet-lina.de\/wp-content\/uploads\/2024\/07\/danke_0010.gif\" alt=\"\" width=\"275\" height=\"250\" \/><\/a>Wir k\u00f6nnen allen Spendern gar nicht genug Dank sagen, welche uns bei diesem Projekt unterst\u00fctzt haben.<\/p>\n<p>Nur mit eurer Hilfe war es m\u00f6glich, dass die erste H\u00fcfte operiert werden konnte und Lina auf der linken Seite wieder beschwerdefrei laufen, rennen und toben kann[\/vc_column_text][\/vc_column][vc_column width=&#8221;1\/6&#8243;][\/vc_column][\/vc_row]\n<\/div>","protected":false},"excerpt":{"rendered":"<p>[vc_row][vc_column width=&#8221;1\/6&#8243;][\/vc_column][vc_column width=&#8221;2\/3&#8243;][vc_custom_heading text=&#8221;Wie alles begann&#8221; font_container=&#8221;tag:h3|text_align:left&#8221; google_fonts=&#8221;font_family:Lato%3A100%2C100italic%2C300%2C300italic%2Cregular%2Citalic%2C700%2C700italic%2C900%2C900italic|font_style:400%20regular%3A400%3Anormal&#8221; css=&#8221;&#8221;][vc_column_text css=&#8221;&#8221;]Im  [&#8230;]<\/p>\n","protected":false},"author":1,"featured_media":0,"parent":0,"menu_order":0,"comment_status":"closed","ping_status":"closed","template":"100-width.php","meta":{"footnotes":""},"class_list":["post-326","page","type-page","status-publish","hentry"],"_links":{"self":[{"href":"https:\/\/www.rettet-lina.de\/index.php\/wp-json\/wp\/v2\/pages\/326","targetHints":{"allow":["GET"]}}],"collection":[{"href":"https:\/\/www.rettet-lina.de\/index.php\/wp-json\/wp\/v2\/pages"}],"about":[{"href":"https:\/\/www.rettet-lina.de\/index.php\/wp-json\/wp\/v2\/types\/page"}],"author":[{"embeddable":true,"href":"https:\/\/www.rettet-lina.de\/index.php\/wp-json\/wp\/v2\/users\/1"}],"replies":[{"embeddable":true,"href":"https:\/\/www.rettet-lina.de\/index.php\/wp-json\/wp\/v2\/comments?post=326"}],"version-history":[{"count":11,"href":"https:\/\/www.rettet-lina.de\/index.php\/wp-json\/wp\/v2\/pages\/326\/revisions"}],"predecessor-version":[{"id":345,"href":"https:\/\/www.rettet-lina.de\/index.php\/wp-json\/wp\/v2\/pages\/326\/revisions\/345"}],"wp:attachment":[{"href":"https:\/\/www.rettet-lina.de\/index.php\/wp-json\/wp\/v2\/media?parent=326"}],"curies":[{"name":"wp","href":"https:\/\/api.w.org\/{rel}","templated":true}]}}