{"id":8,"date":"2024-07-24T23:45:47","date_gmt":"2024-07-24T21:45:47","guid":{"rendered":"https:\/\/www.rettet-lina.de\/?page_id=8"},"modified":"2024-07-26T19:34:24","modified_gmt":"2024-07-26T17:34:24","slug":"home","status":"publish","type":"page","link":"https:\/\/www.rettet-lina.de\/","title":{"rendered":"Home"},"content":{"rendered":"<div class=\"wpb-content-wrapper\">[vc_row][vc_column width=&#8221;1\/6&#8243;][\/vc_column][vc_column width=&#8221;2\/3&#8243;][vc_custom_heading text=&#8221;Hey Leute, ich bin\u00b4s mal wieder!&#8221; font_container=&#8221;tag:h3|text_align:left&#8221; google_fonts=&#8221;font_family:Lato%3A100%2C100italic%2C300%2C300italic%2Cregular%2Citalic%2C700%2C700italic%2C900%2C900italic|font_style:400%20regular%3A400%3Anormal&#8221; css=&#8221;&#8221;][vc_column_text css=&#8221;&#8221;]<a href=\"https:\/\/www.rettet-lina.de\/wp-content\/uploads\/2024\/07\/Teenager-3-4.webp\"><img decoding=\"async\" class=\"alignleft wp-image-202\" src=\"https:\/\/www.rettet-lina.de\/wp-content\/uploads\/2024\/07\/Teenager-3-4.webp\" alt=\"\" width=\"300\" height=\"502\" srcset=\"https:\/\/www.rettet-lina.de\/wp-content\/uploads\/2024\/07\/Teenager-3-4-179x300.webp 179w, https:\/\/www.rettet-lina.de\/wp-content\/uploads\/2024\/07\/Teenager-3-4-200x334.webp 200w, https:\/\/www.rettet-lina.de\/wp-content\/uploads\/2024\/07\/Teenager-3-4-400x669.webp 400w, https:\/\/www.rettet-lina.de\/wp-content\/uploads\/2024\/07\/Teenager-3-4.webp 574w\" sizes=\"(max-width: 300px) 100vw, 300px\" \/><\/a>Wer mich noch nicht kennt, bekommt hier einen kurzen Lebenslauf.<\/p>\n<p>Geboren wurde ich im Mai 2017 in Griechenland und lebte dort auf der Stra\u00dfe.<\/p>\n<p>Puhh, da hatte ich echt Gl\u00fcck nicht \u00fcberfahren worden zu sein. Eine Urlauberin kam, holte mich von der Stra\u00dfe und brachte mich zu einer griechischen Tiersch\u00fctzerin.<br \/>\nAllerdings konnte ich da aber nicht lange bleiben weil schon ganz viele andere Hunde bei ihr lebten die alle ein neues Zuhause suchten.<br \/>\nAlso hat man f\u00fcr mich nach Hilfe im Internet gesucht.<\/p>\n<p>So kam ich zu einer Tiersch\u00fctzerin nach K\u00f6ln, lebte dort einige Wochen bis ich schlie\u00dflich ein Zuhause in Bochum gefunden hatte.<\/p>\n<p>Aber dann kamen pl\u00f6tzlich die Schmerzen und ich konnte \u00fcberhaupt nicht mehr richtig laufen.<\/p>\n<p>Meine Familie hatte aber leider kein Geld f\u00fcr den Tierarzt und hat sich bei dem Verein KIS Ruhr e.V. Hilfe gesucht. Von diesem Verein wurde mir auch gleich angeboten ein neues Zuhause zu suchen.[\/vc_column_text][vc_custom_heading text=&#8221;Das erste R\u00f6ntgenbild&#8221; font_container=&#8221;tag:h3|text_align:left&#8221; google_fonts=&#8221;font_family:Lato%3A100%2C100italic%2C300%2C300italic%2Cregular%2Citalic%2C700%2C700italic%2C900%2C900italic|font_style:400%20regular%3A400%3Anormal&#8221; css=&#8221;&#8221;][vc_column_text css=&#8221;&#8221;]<a href=\"https:\/\/www.rettet-lina.de\/wp-content\/uploads\/2024\/07\/Unten-S0-I0-scaled.webp\"><img decoding=\"async\" class=\"alignright wp-image-261\" src=\"https:\/\/www.rettet-lina.de\/wp-content\/uploads\/2024\/07\/Unten-S0-I0-scaled.webp\" alt=\"\" width=\"300\" height=\"363\" srcset=\"https:\/\/www.rettet-lina.de\/wp-content\/uploads\/2024\/07\/Unten-S0-I0-200x242.webp 200w, https:\/\/www.rettet-lina.de\/wp-content\/uploads\/2024\/07\/Unten-S0-I0-248x300.webp 248w, https:\/\/www.rettet-lina.de\/wp-content\/uploads\/2024\/07\/Unten-S0-I0-400x484.webp 400w, https:\/\/www.rettet-lina.de\/wp-content\/uploads\/2024\/07\/Unten-S0-I0-600x726.webp 600w, https:\/\/www.rettet-lina.de\/wp-content\/uploads\/2024\/07\/Unten-S0-I0-768x929.webp 768w, https:\/\/www.rettet-lina.de\/wp-content\/uploads\/2024\/07\/Unten-S0-I0-800x967.webp 800w, https:\/\/www.rettet-lina.de\/wp-content\/uploads\/2024\/07\/Unten-S0-I0-852x1030.webp 852w, https:\/\/www.rettet-lina.de\/wp-content\/uploads\/2024\/07\/Unten-S0-I0-1200x1451.webp 1200w, https:\/\/www.rettet-lina.de\/wp-content\/uploads\/2024\/07\/Unten-S0-I0-1270x1536.webp 1270w, https:\/\/www.rettet-lina.de\/wp-content\/uploads\/2024\/07\/Unten-S0-I0-1694x2048.webp 1694w, https:\/\/www.rettet-lina.de\/wp-content\/uploads\/2024\/07\/Unten-S0-I0-scaled.webp 2117w\" sizes=\"(max-width: 300px) 100vw, 300px\" \/><\/a>So brachte mich mein damaliges Frauchen zum Tierarzt, wo auch schon die Frau vom Tierschutzverein KIS Ruhr e.V. auf mich gewartet hat. Ich musste mich jetzt erstmal von meiner alten Familie verabschieden und dann ging es auch gleich in den Untersuchungsraum.<\/p>\n<p>Das war \u00fcberhaupt nicht sch\u00f6n f\u00fcr mich.<br \/>\nDer Doktor hat so komisch an meinen Hinterbeinen gezogen und das tat so weh, dass ich ganz laut geschrien habe.<br \/>\nDann meinte der Doc, er m\u00fcsse r\u00f6ntgen und dann hat er was ganz Schlimmes gesagt.<br \/>\nEr hat die Frau von KIS Ruhr e.V. gefragt ob er mich jetzt erl\u00f6sen soll. Meine beiden H\u00fcften w\u00e4ren so dolle kaputt, dass ich mit den schlimmen Schmerzen nicht weiterleben kann und die Operationen so unendlich teuer w\u00e4ren.<\/p>\n<p>Ich hatte doch jetzt auch keine Familie mehr die das h\u00e4tte bezahlen k\u00f6nnen. Die Frau von KIS Ruhr e.V mit der gro\u00dfen Brille machte ganz traurige Augen und sagte:<\/p>\n<p><strong>\u201eAuf keinen Fall\u201c, wir wollen helfen. Ich wei\u00df zwar noch nicht wie aber wir lassen uns was einfallen.<\/strong>[\/vc_column_text][vc_custom_heading text=&#8221;Meine neue Pflegefamilie&#8221; font_container=&#8221;tag:h3|text_align:left&#8221; google_fonts=&#8221;font_family:Lato%3A100%2C100italic%2C300%2C300italic%2Cregular%2Citalic%2C700%2C700italic%2C900%2C900italic|font_style:400%20regular%3A400%3Anormal&#8221; css=&#8221;&#8221;][vc_column_text css=&#8221;&#8221;]<a href=\"https:\/\/www.rettet-lina.de\/wp-content\/uploads\/2024\/07\/Sandra-und-Gero.jpg\"><img decoding=\"async\" class=\"alignleft wp-image-294\" src=\"https:\/\/www.rettet-lina.de\/wp-content\/uploads\/2024\/07\/Sandra-und-Gero.jpg\" alt=\"\" width=\"300\" height=\"326\" srcset=\"https:\/\/www.rettet-lina.de\/wp-content\/uploads\/2024\/07\/Sandra-und-Gero-200x217.jpg 200w, https:\/\/www.rettet-lina.de\/wp-content\/uploads\/2024\/07\/Sandra-und-Gero-276x300.jpg 276w, https:\/\/www.rettet-lina.de\/wp-content\/uploads\/2024\/07\/Sandra-und-Gero-400x435.jpg 400w, https:\/\/www.rettet-lina.de\/wp-content\/uploads\/2024\/07\/Sandra-und-Gero-600x652.jpg 600w, https:\/\/www.rettet-lina.de\/wp-content\/uploads\/2024\/07\/Sandra-und-Gero.jpg 699w\" sizes=\"(max-width: 300px) 100vw, 300px\" \/><\/a><\/p>\n<p>Bitte geben sie ihr Medikamente gegen die starken Schmerzen ich bringe die wei\u00dfe Maus jetzt erstmal zu ihrer Pflegefamilie Sandra und Gero. Dann sehen wir weiter.<\/p>\n<p>Also ab ins Auto und zu meiner neuen Pflegefamilie. Hey Mann, da wohnt ja auch schon ein anderer Hund.<\/p>\n<p>Der sieht ja toll aus!<\/p>\n<p>Leider konnte ich keine gro\u00dfen Runden mit dem drehen weil mir trotz der Medikamente meine H\u00fcften schmerzten.<\/p>\n<p>Eine L\u00f6sung musste her\u2026<\/p>\n<p>Mein neuer Pflegepapa hatte die Idee meine Geschichte ins Internet zu stellen und alle Menschen der Welt um Hilfe f\u00fcr mich zu bitten.<\/p>\n<p>Das war vielleicht eine Menge Arbeit f\u00fcr ihn \u2026puh![\/vc_column_text][vc_custom_heading text=&#8221;Tiergesundheitszentrum Grussendorf&#8221; font_container=&#8221;tag:h3|text_align:left&#8221; google_fonts=&#8221;font_family:Lato%3A100%2C100italic%2C300%2C300italic%2Cregular%2Citalic%2C700%2C700italic%2C900%2C900italic|font_style:400%20regular%3A400%3Anormal&#8221; css=&#8221;&#8221;][vc_column_text css=&#8221;&#8221;]<a href=\"https:\/\/www.rettet-lina.de\/wp-content\/uploads\/2024\/07\/tiergesundheitszentrum.webp\"><img decoding=\"async\" class=\"wp-image-298 alignright\" src=\"https:\/\/www.rettet-lina.de\/wp-content\/uploads\/2024\/07\/tiergesundheitszentrum.webp\" alt=\"\" width=\"301\" height=\"174\" srcset=\"https:\/\/www.rettet-lina.de\/wp-content\/uploads\/2024\/07\/tiergesundheitszentrum-200x116.webp 200w, https:\/\/www.rettet-lina.de\/wp-content\/uploads\/2024\/07\/tiergesundheitszentrum-300x174.webp 300w, https:\/\/www.rettet-lina.de\/wp-content\/uploads\/2024\/07\/tiergesundheitszentrum-400x231.webp 400w, https:\/\/www.rettet-lina.de\/wp-content\/uploads\/2024\/07\/tiergesundheitszentrum-600x347.webp 600w, https:\/\/www.rettet-lina.de\/wp-content\/uploads\/2024\/07\/tiergesundheitszentrum-768x444.webp 768w, https:\/\/www.rettet-lina.de\/wp-content\/uploads\/2024\/07\/tiergesundheitszentrum-800x463.webp 800w, https:\/\/www.rettet-lina.de\/wp-content\/uploads\/2024\/07\/tiergesundheitszentrum.webp 980w\" sizes=\"(max-width: 301px) 100vw, 301px\" \/><\/a>Es wurden ganz viele Fotos und Videos von mir gemacht und ich f\u00fchlte mich wie ein Topmodel.<\/p>\n<p>Es dauerte ein paar Wochen und ganz viele liebe Menschen die mich gar nicht kennen haben f\u00fcr mich gespendet damit endlich operiert werden kann und nicht mehr solche Schmerzen haben muss.<\/p>\n<p>Eines Tages sind wir nach Osnabr\u00fcck gefahren \u2013 in ein Hundekrankenhaus \u2013 und da bekam ich dann auch meine neue H\u00fcfte.<\/p>\n<p>Ich musste 5 Tage lang dableiben und wurde dann von Mama, Papa und der Frau mit der gro\u00dfen Brille abgeholt. Ich habe mich so sehr gefreut!<\/p>\n<p>Die Frau mit der Brille ist \u00fcbrigens Julia, meine neue Tante und die 2. Vorsitzende des Vereins KIS Ruhr e.V.[\/vc_column_text][vc_custom_heading text=&#8221;Nach der OP&#8221; font_container=&#8221;tag:h3|text_align:left&#8221; google_fonts=&#8221;font_family:Lato%3A100%2C100italic%2C300%2C300italic%2Cregular%2Citalic%2C700%2C700italic%2C900%2C900italic|font_style:400%20regular%3A400%3Anormal&#8221; css=&#8221;&#8221;][vc_column_text css=&#8221;&#8221;]<a href=\"https:\/\/www.rettet-lina.de\/wp-content\/uploads\/2024\/07\/20180514_192208-scaled.webp\"><img decoding=\"async\" class=\"alignleft wp-image-303 size-medium\" src=\"https:\/\/www.rettet-lina.de\/wp-content\/uploads\/2024\/07\/20180514_192208-300x225.webp\" alt=\"\" width=\"300\" height=\"225\" srcset=\"https:\/\/www.rettet-lina.de\/wp-content\/uploads\/2024\/07\/20180514_192208-200x150.webp 200w, https:\/\/www.rettet-lina.de\/wp-content\/uploads\/2024\/07\/20180514_192208-300x225.webp 300w, https:\/\/www.rettet-lina.de\/wp-content\/uploads\/2024\/07\/20180514_192208-400x300.webp 400w, https:\/\/www.rettet-lina.de\/wp-content\/uploads\/2024\/07\/20180514_192208-600x450.webp 600w, https:\/\/www.rettet-lina.de\/wp-content\/uploads\/2024\/07\/20180514_192208-768x576.webp 768w, https:\/\/www.rettet-lina.de\/wp-content\/uploads\/2024\/07\/20180514_192208-800x600.webp 800w, https:\/\/www.rettet-lina.de\/wp-content\/uploads\/2024\/07\/20180514_192208-1030x773.webp 1030w, https:\/\/www.rettet-lina.de\/wp-content\/uploads\/2024\/07\/20180514_192208-1200x900.webp 1200w, https:\/\/www.rettet-lina.de\/wp-content\/uploads\/2024\/07\/20180514_192208-1536x1152.webp 1536w\" sizes=\"(max-width: 300px) 100vw, 300px\" \/><\/a>Jetzt musste ich erstmal 10 Wochen meinen Popo ruhig halten obwohl ich doch so gerne getobt h\u00e4tte. Die H\u00fcfte tat nicht mehr weh aber musste noch ganz lange verheilen.<\/p>\n<p>In der Zwischenzeit habe ich auch Physiotherapie von einer total coolen Frau namens Tanja bekommen. Die kam immer zu mir nach Hause und hat an meinen Beinen gespielt[\/vc_column_text][vc_custom_heading text=&#8221;Unterwasserlaufband&#8221; font_container=&#8221;tag:h3|text_align:left&#8221; google_fonts=&#8221;font_family:Lato%3A100%2C100italic%2C300%2C300italic%2Cregular%2Citalic%2C700%2C700italic%2C900%2C900italic|font_style:400%20regular%3A400%3Anormal&#8221; css=&#8221;&#8221;][vc_column_text css=&#8221;&#8221;]<a href=\"https:\/\/www.rettet-lina.de\/wp-content\/uploads\/2024\/07\/IMG-20180615-WA0065.webp\"><img decoding=\"async\" class=\"wp-image-308 size-medium alignright\" src=\"https:\/\/www.rettet-lina.de\/wp-content\/uploads\/2024\/07\/IMG-20180615-WA0065-300x225.webp\" alt=\"\" width=\"300\" height=\"225\" srcset=\"https:\/\/www.rettet-lina.de\/wp-content\/uploads\/2024\/07\/IMG-20180615-WA0065-200x150.webp 200w, https:\/\/www.rettet-lina.de\/wp-content\/uploads\/2024\/07\/IMG-20180615-WA0065-300x225.webp 300w, https:\/\/www.rettet-lina.de\/wp-content\/uploads\/2024\/07\/IMG-20180615-WA0065-400x300.webp 400w, https:\/\/www.rettet-lina.de\/wp-content\/uploads\/2024\/07\/IMG-20180615-WA0065-600x450.webp 600w, https:\/\/www.rettet-lina.de\/wp-content\/uploads\/2024\/07\/IMG-20180615-WA0065-768x576.webp 768w, https:\/\/www.rettet-lina.de\/wp-content\/uploads\/2024\/07\/IMG-20180615-WA0065-800x600.webp 800w, https:\/\/www.rettet-lina.de\/wp-content\/uploads\/2024\/07\/IMG-20180615-WA0065.webp 1024w\" sizes=\"(max-width: 300px) 100vw, 300px\" \/><\/a>Wir sind dann auch noch bei einer anderen netten Frau in Dortmund gewesen. Die hatte eine ganz gro\u00dfe Hundebadewanne!!!<\/p>\n<p>Da hab ich mich ehrlich gesagt erst nicht reingetraut aber nachher fand ich es ganz gut. Wasserphysio hei\u00dft das glaub ich. Denn nun mussten ja wieder ganz viele Muskeln aufgebaut werden.[\/vc_column_text][vc_custom_heading text=&#8221;Hundetraining&#8221; font_container=&#8221;tag:h3|text_align:left&#8221; google_fonts=&#8221;font_family:Lato%3A100%2C100italic%2C300%2C300italic%2Cregular%2Citalic%2C700%2C700italic%2C900%2C900italic|font_style:400%20regular%3A400%3Anormal&#8221; css=&#8221;&#8221;][vc_column_text css=&#8221;&#8221;]<a href=\"https:\/\/www.rettet-lina.de\/wp-content\/uploads\/2024\/07\/20180427_195940-e1525015893983-scaled.webp\"><img decoding=\"async\" class=\"alignleft wp-image-310\" src=\"https:\/\/www.rettet-lina.de\/wp-content\/uploads\/2024\/07\/20180427_195940-e1525015893983-scaled.webp\" alt=\"\" width=\"300\" height=\"400\" srcset=\"https:\/\/www.rettet-lina.de\/wp-content\/uploads\/2024\/07\/20180427_195940-e1525015893983-200x267.webp 200w, https:\/\/www.rettet-lina.de\/wp-content\/uploads\/2024\/07\/20180427_195940-e1525015893983-225x300.webp 225w, https:\/\/www.rettet-lina.de\/wp-content\/uploads\/2024\/07\/20180427_195940-e1525015893983-400x533.webp 400w, https:\/\/www.rettet-lina.de\/wp-content\/uploads\/2024\/07\/20180427_195940-e1525015893983-600x800.webp 600w, https:\/\/www.rettet-lina.de\/wp-content\/uploads\/2024\/07\/20180427_195940-e1525015893983-768x1024.webp 768w, https:\/\/www.rettet-lina.de\/wp-content\/uploads\/2024\/07\/20180427_195940-e1525015893983-773x1030.webp 773w, https:\/\/www.rettet-lina.de\/wp-content\/uploads\/2024\/07\/20180427_195940-e1525015893983-800x1067.webp 800w, https:\/\/www.rettet-lina.de\/wp-content\/uploads\/2024\/07\/20180427_195940-e1525015893983-1152x1536.webp 1152w, https:\/\/www.rettet-lina.de\/wp-content\/uploads\/2024\/07\/20180427_195940-e1525015893983-1200x1600.webp 1200w, https:\/\/www.rettet-lina.de\/wp-content\/uploads\/2024\/07\/20180427_195940-e1525015893983-1536x2048.webp 1536w, https:\/\/www.rettet-lina.de\/wp-content\/uploads\/2024\/07\/20180427_195940-e1525015893983-scaled.webp 1920w\" sizes=\"(max-width: 300px) 100vw, 300px\" \/><\/a>Langsam durfte ich auch immer gr\u00f6\u00dfere Runden laufen und es klappte immer besser. Aber mein Frauchen hat erst jetzt gemerkt, dass ich eigentlich ganz sch\u00f6n ungezogen bin.<\/p>\n<p>Na ja, welcher Hund hat schon ein H\u00fcftimplantat und hat auf der Stra\u00dfe gelebt? Da kann man schon mal gro\u00dfe Schnauze zu anderen Hunden haben oder?<\/p>\n<p>Nein, meinten meine Eltern. Das geht so nicht.<\/p>\n<p>Wir sind dann immer zusammen mit so einem Nachbarn und seiner Sch\u00e4ferh\u00fcndin Vinja gro\u00dfe Hunderunden gelaufen.<\/p>\n<p>Mann, Mann, Mann, von den Beiden konnte ich noch ganz sch\u00f6n viel lernen.<\/p>\n<p>Die Monate vergingen, ich habe mich super eingelebt, gehe noch immer in eine Hundeschule, liebe meine Pflegeeltern und meinen neuen Hundebruder Wombi.<\/p>\n<p>Meiner H\u00fcfte geht\u2019s inzwischen super gut und ich kann fetzten was das Zeug h\u00e4lt.[\/vc_column_text][vc_custom_heading text=&#8221;Allergietest&#8221; font_container=&#8221;tag:h3|text_align:left&#8221; google_fonts=&#8221;font_family:Lato%3A100%2C100italic%2C300%2C300italic%2Cregular%2Citalic%2C700%2C700italic%2C900%2C900italic|font_style:400%20regular%3A400%3Anormal&#8221; css=&#8221;&#8221;][vc_column_text css=&#8221;&#8221;]<a href=\"https:\/\/www.rettet-lina.de\/wp-content\/uploads\/2024\/07\/Auszug-Allergietest.webp\"><img decoding=\"async\" class=\"wp-image-322 alignright\" src=\"https:\/\/www.rettet-lina.de\/wp-content\/uploads\/2024\/07\/Auszug-Allergietest.webp\" alt=\"\" width=\"300\" height=\"323\" srcset=\"https:\/\/www.rettet-lina.de\/wp-content\/uploads\/2024\/07\/Auszug-Allergietest-200x215.webp 200w, https:\/\/www.rettet-lina.de\/wp-content\/uploads\/2024\/07\/Auszug-Allergietest-279x300.webp 279w, https:\/\/www.rettet-lina.de\/wp-content\/uploads\/2024\/07\/Auszug-Allergietest-400x431.webp 400w, https:\/\/www.rettet-lina.de\/wp-content\/uploads\/2024\/07\/Auszug-Allergietest-600x646.webp 600w, https:\/\/www.rettet-lina.de\/wp-content\/uploads\/2024\/07\/Auszug-Allergietest-768x827.webp 768w, https:\/\/www.rettet-lina.de\/wp-content\/uploads\/2024\/07\/Auszug-Allergietest-800x861.webp 800w, https:\/\/www.rettet-lina.de\/wp-content\/uploads\/2024\/07\/Auszug-Allergietest-957x1030.webp 957w, https:\/\/www.rettet-lina.de\/wp-content\/uploads\/2024\/07\/Auszug-Allergietest-1200x1292.webp 1200w, https:\/\/www.rettet-lina.de\/wp-content\/uploads\/2024\/07\/Auszug-Allergietest-1426x1536.webp 1426w, https:\/\/www.rettet-lina.de\/wp-content\/uploads\/2024\/07\/Auszug-Allergietest.webp 1472w\" sizes=\"(max-width: 300px) 100vw, 300px\" \/><\/a>Doof ist nur, dass ich ganz oft Probleme mit Allergien bekommen habe.<\/p>\n<p>Dann jucken mir die Pf\u00f6tchen, die Schnauze und die Ohren. Ich hatte davon schon kleine Pickelchen in den Ohren, Ohrenentz\u00fcndungen, meine Schnauze war schon mal ganz huckelig.<\/p>\n<p>Dann kann ich einfach nicht mehr aufh\u00f6ren zu kratzen.<\/p>\n<p>Weil wir deswegen schon so oft beim Tierarzt waren haben wir immer so eine bl\u00f6de Ausschlu\u00dfdi\u00e4t und sogar schon einen Allergietest gemacht.<\/p>\n<p>Boah ey. Ich bin ja echt fast gegen alles allergisch und darf gar nicht essen was ich will. Mama kocht mir momentan Quinoa zum Pferdefleisch weil ich keinen Reis, keine Kartoffeln und dies und das nicht vertrage.<\/p>\n<p>Es ist schon echt nicht ganz einfach mit mir.[\/vc_column_text][vc_custom_heading text=&#8221;Dann kam die Epillepsie&#8221; font_container=&#8221;tag:h3|text_align:left&#8221; google_fonts=&#8221;font_family:Lato%3A100%2C100italic%2C300%2C300italic%2Cregular%2Citalic%2C700%2C700italic%2C900%2C900italic|font_style:400%20regular%3A400%3Anormal&#8221; css=&#8221;&#8221;][vc_column_text css=&#8221;&#8221;]Leider ist das noch nicht alles. Vor einigen Monaten war ich ja bei der Impfung. Das war \u00fcberhaupt nicht so schlimm aber 18 Tage sp\u00e4ter, ich hatte gerade so sch\u00f6n mit meinem Hundebruder gespielt und meine Mama genervt, bekam ich pl\u00f6tzlich so einen doofen Krampfanfall.<\/p>\n<p>Ich wusste gar nicht was los ist. Alles war pl\u00f6tzlich stocksteif und ich konnte nicht mehr richtig laufen. Meine Beine zuckten unkontrolliert und mein Kopf war pl\u00f6tzlich ganz schief. Mama hat das sofort bemerkt und Papa hat mich ganz schnell ins Auto gebracht und zum Hundekrankenhaus gefahren.<br \/>\nAls wir da ankamen ging es mir wieder gut aber meine Eltern waren ganz sch\u00f6n fertig aus Sorge um mich. Sie haben dann noch ein Notfallmedikament gegen Epilepsie mitbekommen.<\/p>\n<p>Ich hab dann noch ganz tapfer eine Blutprobe von mir abgegeben und durfte nach der Untersuchung wieder nach Hause. Alles war wieder gut. Jedoch musste ich ca. 3 Wochen sp\u00e4ter nachgeimpft werden. Das war wieder ein \u201eKlacks\u201c. Kleiner Pieks kann mich nicht mehr schocken, jedoch am n\u00e4chsten Tag war wieder alles bl\u00f6d.<\/p>\n<p>Meine Mama war nicht zuhause und hat Tante Julia von KIS gebeten nach mir zu sehen.<\/p>\n<p>Sie kam gerade zur T\u00fcr rein und ich hatte wieder so einen bl\u00f6den Anfall. Ich rannte v\u00f6llig orientierungslos durch das Wohnzimmer und hab eine Palme umgeworfen. Wollte durch die Wand laufen und meine Beine zitterten bis ich zusammengebrochen bin.<br \/>\nMeine Mama hat aber Tante Julia vorsorglich schon mal das Notfallmedikament rausgelegt und Julia hat es mir dann in den Po gemacht.<\/p>\n<p>Seitdem kriege ich immer morgens und abends so komische Tabletten gegen Epilepsie. Am Anfang war das voll bl\u00f6d f\u00fcr mich. Mir war ganz schwindelig und ich war wackelig auf den Beinen, hatte keine Lust mehr zu laufen und wollte nur noch schlafen.<br \/>\nAber nach ein paar Wochen habe ich mich dran gew\u00f6hnt.[\/vc_column_text][vc_custom_heading text=&#8221;Dankesch\u00f6n&#8221; font_container=&#8221;tag:h3|text_align:left&#8221; google_fonts=&#8221;font_family:Lato%3A100%2C100italic%2C300%2C300italic%2Cregular%2Citalic%2C700%2C700italic%2C900%2C900italic|font_style:400%20regular%3A400%3Anormal&#8221; css=&#8221;&#8221;][vc_column_text css=&#8221;&#8221;]<strong>Mama sagt ich w\u00e4re wieder die alte Nervens\u00e4ge und k\u00fcsst mich dabei.<\/strong><\/p>\n<p>Jedenfalls habe ich im letzten Jahr schon echt eine Menge erlebt und ganz viel Geld und Nerven gekostet. Deshalb sage ich allen die mir geholfen haben an dieser Stelle ein ganz dickes fettes<\/p>\n<p>HUNDEDANKESCH\u00d6N WAU WUFF<\/p>\n<p><strong>Mein Name ist Lina (fr\u00fcher hie\u00df ich Adina)<\/strong>[\/vc_column_text][\/vc_column][vc_column width=&#8221;1\/6&#8243;][\/vc_column][\/vc_row]\n<\/div>","protected":false},"excerpt":{"rendered":"<p>[vc_row][vc_column width=&#8221;1\/6&#8243;][\/vc_column][vc_column width=&#8221;2\/3&#8243;][vc_custom_heading text=&#8221;Hey Leute, ich bin\u00b4s mal wieder!&#8221; font_container=&#8221;tag:h3|text_align:left&#8221;  [&#8230;]<\/p>\n","protected":false},"author":1,"featured_media":0,"parent":0,"menu_order":0,"comment_status":"closed","ping_status":"closed","template":"100-width.php","meta":{"footnotes":""},"class_list":["post-8","page","type-page","status-publish","hentry"],"_links":{"self":[{"href":"https:\/\/www.rettet-lina.de\/index.php\/wp-json\/wp\/v2\/pages\/8","targetHints":{"allow":["GET"]}}],"collection":[{"href":"https:\/\/www.rettet-lina.de\/index.php\/wp-json\/wp\/v2\/pages"}],"about":[{"href":"https:\/\/www.rettet-lina.de\/index.php\/wp-json\/wp\/v2\/types\/page"}],"author":[{"embeddable":true,"href":"https:\/\/www.rettet-lina.de\/index.php\/wp-json\/wp\/v2\/users\/1"}],"replies":[{"embeddable":true,"href":"https:\/\/www.rettet-lina.de\/index.php\/wp-json\/wp\/v2\/comments?post=8"}],"version-history":[{"count":111,"href":"https:\/\/www.rettet-lina.de\/index.php\/wp-json\/wp\/v2\/pages\/8\/revisions"}],"predecessor-version":[{"id":325,"href":"https:\/\/www.rettet-lina.de\/index.php\/wp-json\/wp\/v2\/pages\/8\/revisions\/325"}],"wp:attachment":[{"href":"https:\/\/www.rettet-lina.de\/index.php\/wp-json\/wp\/v2\/media?parent=8"}],"curies":[{"name":"wp","href":"https:\/\/api.w.org\/{rel}","templated":true}]}}